{"id":5867,"date":"2020-06-09T05:34:37","date_gmt":"2020-06-09T05:34:37","guid":{"rendered":"https:\/\/staging.fertiglobal.com\/research-development\/"},"modified":"2021-02-25T11:38:12","modified_gmt":"2021-02-25T11:38:12","slug":"pesquisa-desenvolvimento","status":"publish","type":"page","link":"https:\/\/staging.fertiglobal.com\/pt-br\/pesquisa-desenvolvimento\/","title":{"rendered":"Pesquisa &#038; desenvolvimento"},"content":{"rendered":"<section id=\"bt_section69f64ac1e71e1\"  class=\"boldSection gutter \" ><div class=\"port\"><div class=\"boldCell\"><div class=\"boldCellInner\"><div class=\"boldRow \" ><div class=\"boldRowInner\"><div class=\"rowItem col-md-12 col-ms-12  btTextLeft\"  data-width=\"12\"><div class=\"rowItemContent\" ><div class=\"btClear btSeparator topSmallSpaced bottomSemiSpaced noBorder no-mobile\" ><hr><\/div><div class=\"btText\" ><div class=\"underlinelink\">\n<div class=\"greentitle-dash\">\n<div class=\"greentitle-dash-inner small\">Tecnologias e Programas de Gest\u00e3o de Culturas para alcan\u00e7ar a futura agricultura sustent\u00e1vel<\/div>\n<\/div>\n<div class=\"padded-content\">\n<p>Desde o in\u00edcio, na <strong>FertiGlobal<sup>\u00ae<\/sup><\/strong> uma grande \u00eanfase tem sido dada \u00e0 Pesquisa e Desenvolvimento evidenciada por v\u00e1rias <em><a href=\"https:\/\/staging.fertiglobal.com\/pt-br\/tecnologias\/\">Tecnologias<\/a><\/em> e inova\u00e7\u00f5es de processos, algumas das quais protegidas por patentes internacionais.<\/p>\n<p>Estamos sempre nos esfor\u00e7ando para atender \u00e0s necessidades do mercado agr\u00edcola, dando grande import\u00e2ncia \u00e0s <em><a href=\"https:\/\/staging.fertiglobal.com\/pt-br\/tecnologias\/\">Tecnologias<\/a><\/em> de alta qualidade e ambientalmente respons\u00e1veis. Al\u00e9m disso, reconhecendo a import\u00e2ncia da dissemina\u00e7\u00e3o de novas <em><a href=\"https:\/\/staging.fertiglobal.com\/pt-br\/tecnologias\/\">Tecnologias<\/a><\/em>, <strong>FertiGlobal<sup>\u00ae<\/sup><\/strong> investe e desenvolve <em><a href=\"https:\/\/staging.fertiglobal.com\/pt-br\/programas-de-gestao-de-culturas\/\">Programas de Gest\u00e3o de Culturas <\/a><\/em>completos, necess\u00e1rios em uma agricultura sustent\u00e1vel.<\/p>\n<\/div>\n<\/div>\n<\/div><div class=\"btClear btSeparator bottomSemiSpaced noBorder\" ><hr><\/div><div class=\"btText\" ><div class=\"underlinelink\">\n<div class=\"greentitle-dash\">\n<div class=\"greentitle-dash-inner small\">Research &amp; Development<\/div>\n<\/div>\n<div class=\"padded-content\">\n<p>Em 2019, a <strong>FertiGlobal<sup>\u00ae<\/sup><\/strong> criou um centro de P&amp;D de \u00faltima gera\u00e7\u00e3o nas instala\u00e7\u00f5es da Larderello, investindo em uma grande variedade de instrumentos inovadores, c\u00e2maras de cultivo e estufas.<\/p>\n<p>No centro, uma jovem equipe multifuncional de pesquisadores (qu\u00edmicos, agr\u00f4nomos e biotecn\u00f3logos) trabalha constantemente no desenvolvimento de <em><a href=\"https:\/\/staging.fertiglobal.com\/pt-br\/tecnologias\/\">Tecnologias<\/a><\/em> inovadoras e <em><a href=\"https:\/\/staging.fertiglobal.com\/pt-br\/programas-de-gestao-de-culturas\/\">Programas de Gest\u00e3o de Culturas<\/a><\/em> para atender a todas as necessidades atuais e futuras da agricultura global.<\/p>\n<p>Fazendo parte de uma equipe multinacional e trabalhando com profissionais de todo o mundo, nossos jovens pesquisadores t\u00eam a oportunidade de aprofundar seus conhecimentos e de se tornarem especialistas globais desafiando as pr\u00e1ticas convencionais.<\/p>\n<p>Compartilhando a Vis\u00e3o da <strong>FertiGlobal<sup>\u00ae<\/sup><\/strong> em que P&amp;D \u00e9 um fator estrat\u00e9gico fundamental, nossos pesquisadores desenvolvem <em><a href=\"https:\/\/staging.fertiglobal.com\/pt-br\/tecnologias\/\">Tecnologias<\/a><\/em> inovadoras que levam a uma mudan\u00e7a na forma de funcionamento da agricultura, desenvolvendo <em><a href=\"https:\/\/staging.fertiglobal.com\/pt-br\/programas-de-gestao-de-culturas\/\">Programas de Gest\u00e3o de Culturas<\/a><\/em> inovadores, proporcionando, por fim, retornos s\u00f3lidos para nossos clientes e parceiros.<\/p>\n<p>Os pesquisadores da <strong>FertiGlobal<sup>\u00ae<\/sup><\/strong> concentram-se em duas \u00e1reas de desenvolvimento: melhoria cont\u00ednua das tecnologias existentes e inova\u00e7\u00f5es de longo prazo cruciais para manter e fortalecer nossa lideran\u00e7a, assim como oferecer suporte a uma agricultura sustent\u00e1vel. O setor de P&amp;D da <strong>FertiGlobal<sup>\u00ae<\/sup><\/strong> conta tamb\u00e9m com a coopera\u00e7\u00e3o de v\u00e1rias universidades nacionais e internacionais e centros de pesquisa para a constante busca pela excel\u00eancia.<\/p>\n<\/div>\n<\/div>\n<\/div><div class=\"btClear btSeparator bottomSemiSpaced noBorder\" ><hr><\/div><div class=\"btText\" ><div class=\"underlinelink\">\n<div class=\"greentitle-dash\">\n<div class=\"greentitle-dash-inner small\">Nossas melhores solu\u00e7\u00f5es para a agricultura global<\/div>\n<\/div>\n<div class=\"padded-content\">\n<p>Gra\u00e7as \u00e0 nossa capacidade de atender a v\u00e1rias necessidades e nossa aplica\u00e7\u00e3o criativa de novas <em><a href=\"https:\/\/staging.fertiglobal.com\/pt-br\/tecnologias\/\">Tecnologias<\/a><\/em>, a <strong>FertiGlobal<sup>\u00ae<\/sup><\/strong> continuar\u00e1 a oferecer um n\u00edvel ainda maior de solu\u00e7\u00f5es aos agricultores, contribuindo para um maior crescimento da agricultura em respeito e cuidado com o meio ambiente sem comprometer a sa\u00fade e a seguran\u00e7a das colheitas e das pessoas em todo o mundo.<\/p>\n<p>A experi\u00eancia acumulada durante nossa longa e duradoura atividade industrial nos permitiu desenvolver <em><a href=\"https:\/\/staging.fertiglobal.com\/pt-br\/tecnologias\/\">Tecnologias<\/a><\/em> novas e exclusivas, como o <strong>EnNuVi<sup>\u00ae<\/sup><\/strong>, uma formula\u00e7\u00e3o patenteada premiada dentro do programa europeu LIFE, baseada na combina\u00e7\u00e3o de polifen\u00f3is bioativos com elementos nutritivos destinados a mudar radicalmente o impacto da agricultura sobre o meio ambiente, ao mesmo tempo em que apoia a crescente demanda por alimentos e maior rendimento produtivo.<\/p>\n<\/div>\n<\/div>\n<\/div><div class=\"btClear btSeparator bottomSemiSpaced noBorder\" ><hr><\/div><div class=\"tilesWall btGridGallery tiled  btGridGap-20 lightbox\" data-col=\"3\"><div class=\"gridSizer\"><\/div><div class=\"gridItem btGhostSliderThumb bt11\" data-order-num=\"-1\"><div class=\"btTileBox\"><div class=\"bpgPhoto \" > \n\n\t\t\t\t\t<a href=\"https:\/\/staging.fertiglobal.com\/wp-content\/uploads\/2020\/06\/RD-1.jpg\" class=\"lightbox\" data-title=\"\"><\/a>\n\n\t\t\t\t\t<div class=\"boldPhotoBox\"><div class=\"bpbItem\"><div class=\"btImage\"><img src=\"https:\/\/staging.fertiglobal.com\/wp-content\/uploads\/2020\/06\/RD-1.jpg\" alt=\"\" title=\"\"><\/div><\/div><\/div>\n\n\t\t\t\t\t<div class=\"captionPane btDarkSkin btTextCenter\">\n\n\t\t\t\t\t\t<div class=\"captionTable\">\n\n\t\t\t\t\t\t\t<div class=\"captionCell\">\n\n\t\t\t\t\t\t\t\t<div class=\"captionTxt\"><\/div>\n\n\t\t\t\t\t\t\t<\/div>\n\n\t\t\t\t\t\t<\/div>\n\n\t\t\t\t\t<\/div><\/div><\/div><\/div><div class=\"gridItem btGhostSliderThumb bt11\" data-order-num=\"0\"><div class=\"btTileBox\"><div class=\"bpgPhoto \" > \n\n\t\t\t\t\t<a href=\"https:\/\/staging.fertiglobal.com\/wp-content\/uploads\/2020\/06\/RD-2.jpg\" class=\"lightbox\" data-title=\"\"><\/a>\n\n\t\t\t\t\t<div class=\"boldPhotoBox\"><div class=\"bpbItem\"><div class=\"btImage\"><img src=\"https:\/\/staging.fertiglobal.com\/wp-content\/uploads\/2020\/06\/RD-2.jpg\" alt=\"\" title=\"\"><\/div><\/div><\/div>\n\n\t\t\t\t\t<div class=\"captionPane btDarkSkin btTextCenter\">\n\n\t\t\t\t\t\t<div class=\"captionTable\">\n\n\t\t\t\t\t\t\t<div class=\"captionCell\">\n\n\t\t\t\t\t\t\t\t<div class=\"captionTxt\"><\/div>\n\n\t\t\t\t\t\t\t<\/div>\n\n\t\t\t\t\t\t<\/div>\n\n\t\t\t\t\t<\/div><\/div><\/div><\/div><div class=\"gridItem btGhostSliderThumb bt11\" data-order-num=\"1\"><div class=\"btTileBox\"><div class=\"bpgPhoto \" > \n\n\t\t\t\t\t<a href=\"https:\/\/staging.fertiglobal.com\/wp-content\/uploads\/2020\/06\/RD-3.jpg\" class=\"lightbox\" data-title=\"\"><\/a>\n\n\t\t\t\t\t<div class=\"boldPhotoBox\"><div class=\"bpbItem\"><div class=\"btImage\"><img src=\"https:\/\/staging.fertiglobal.com\/wp-content\/uploads\/2020\/06\/RD-3.jpg\" alt=\"\" title=\"\"><\/div><\/div><\/div>\n\n\t\t\t\t\t<div class=\"captionPane btDarkSkin btTextCenter\">\n\n\t\t\t\t\t\t<div class=\"captionTable\">\n\n\t\t\t\t\t\t\t<div class=\"captionCell\">\n\n\t\t\t\t\t\t\t\t<div class=\"captionTxt\"><\/div>\n\n\t\t\t\t\t\t\t<\/div>\n\n\t\t\t\t\t\t<\/div>\n\n\t\t\t\t\t<\/div><\/div><\/div><\/div><div class=\"gridItem btGhostSliderThumb bt11\" data-order-num=\"2\"><div class=\"btTileBox\"><div class=\"bpgPhoto \" > \n\n\t\t\t\t\t<a href=\"https:\/\/staging.fertiglobal.com\/wp-content\/uploads\/2020\/06\/RD-4.jpg\" class=\"lightbox\" data-title=\"\"><\/a>\n\n\t\t\t\t\t<div class=\"boldPhotoBox\"><div class=\"bpbItem\"><div class=\"btImage\"><img src=\"https:\/\/staging.fertiglobal.com\/wp-content\/uploads\/2020\/06\/RD-4.jpg\" alt=\"\" title=\"\"><\/div><\/div><\/div>\n\n\t\t\t\t\t<div class=\"captionPane btDarkSkin btTextCenter\">\n\n\t\t\t\t\t\t<div class=\"captionTable\">\n\n\t\t\t\t\t\t\t<div class=\"captionCell\">\n\n\t\t\t\t\t\t\t\t<div class=\"captionTxt\"><\/div>\n\n\t\t\t\t\t\t\t<\/div>\n\n\t\t\t\t\t\t<\/div>\n\n\t\t\t\t\t<\/div><\/div><\/div><\/div><div class=\"gridItem btGhostSliderThumb bt11\" data-order-num=\"3\"><div class=\"btTileBox\"><div class=\"bpgPhoto \" > \n\n\t\t\t\t\t<a href=\"https:\/\/staging.fertiglobal.com\/wp-content\/uploads\/2020\/06\/RD-5.jpg\" class=\"lightbox\" data-title=\"\"><\/a>\n\n\t\t\t\t\t<div class=\"boldPhotoBox\"><div class=\"bpbItem\"><div class=\"btImage\"><img src=\"https:\/\/staging.fertiglobal.com\/wp-content\/uploads\/2020\/06\/RD-5.jpg\" alt=\"\" title=\"\"><\/div><\/div><\/div>\n\n\t\t\t\t\t<div class=\"captionPane btDarkSkin btTextCenter\">\n\n\t\t\t\t\t\t<div class=\"captionTable\">\n\n\t\t\t\t\t\t\t<div class=\"captionCell\">\n\n\t\t\t\t\t\t\t\t<div class=\"captionTxt\"><\/div>\n\n\t\t\t\t\t\t\t<\/div>\n\n\t\t\t\t\t\t<\/div>\n\n\t\t\t\t\t<\/div><\/div><\/div><\/div><div class=\"gridItem btGhostSliderThumb bt11\" data-order-num=\"4\"><div class=\"btTileBox\"><div class=\"bpgPhoto \" > \n\n\t\t\t\t\t<a href=\"https:\/\/staging.fertiglobal.com\/wp-content\/uploads\/2020\/06\/RD-6.jpg\" class=\"lightbox\" data-title=\"\"><\/a>\n\n\t\t\t\t\t<div class=\"boldPhotoBox\"><div class=\"bpbItem\"><div class=\"btImage\"><img src=\"https:\/\/staging.fertiglobal.com\/wp-content\/uploads\/2020\/06\/RD-6.jpg\" alt=\"\" title=\"\"><\/div><\/div><\/div>\n\n\t\t\t\t\t<div class=\"captionPane btDarkSkin btTextCenter\">\n\n\t\t\t\t\t\t<div class=\"captionTable\">\n\n\t\t\t\t\t\t\t<div class=\"captionCell\">\n\n\t\t\t\t\t\t\t\t<div class=\"captionTxt\"><\/div>\n\n\t\t\t\t\t\t\t<\/div>\n\n\t\t\t\t\t\t<\/div>\n\n\t\t\t\t\t<\/div><\/div><\/div><\/div><\/div><div class=\"btClear btSeparator bottomSemiSpaced noBorder\" ><hr><\/div><\/div><\/div><\/div><\/div><\/div><\/div><\/div><\/section>","protected":false},"excerpt":{"rendered":"<p>Laborat\u00f3rio inovador administrado por nossa jovem equipe<\/p>\n","protected":false},"author":1,"featured_media":5868,"parent":0,"menu_order":0,"comment_status":"closed","ping_status":"closed","template":"","meta":[],"yoast_head":"<!-- This site is optimized with the Yoast SEO plugin v15.8 - https:\/\/yoast.com\/wordpress\/plugins\/seo\/ -->\n<title>Pesquisa &amp; desenvolvimento - FertiGlobal<\/title>\n<meta name=\"robots\" content=\"index, follow, max-snippet:-1, max-image-preview:large, max-video-preview:-1\" \/>\n<link rel=\"canonical\" href=\"https:\/\/staging.fertiglobal.com\/pt-br\/pesquisa-desenvolvimento\/\" \/>\n<meta property=\"og:locale\" content=\"pt_BR\" \/>\n<meta property=\"og:type\" content=\"article\" \/>\n<meta property=\"og:title\" content=\"Pesquisa &amp; desenvolvimento - FertiGlobal\" \/>\n<meta property=\"og:description\" content=\"Laborat\u00f3rio inovador administrado por nossa jovem equipe\" \/>\n<meta property=\"og:url\" content=\"https:\/\/staging.fertiglobal.com\/pt-br\/pesquisa-desenvolvimento\/\" \/>\n<meta property=\"og:site_name\" content=\"FertiGlobal\" \/>\n<meta property=\"article:publisher\" content=\"https:\/\/www.facebook.com\/FertiGlobalinternational\/\" \/>\n<meta property=\"article:modified_time\" content=\"2021-02-25T11:38:12+00:00\" \/>\n<meta property=\"og:image\" content=\"https:\/\/staging.fertiglobal.com\/wp-content\/uploads\/2020\/06\/ReD-copertina.jpg\" \/>\n\t<meta property=\"og:image:width\" content=\"2200\" \/>\n\t<meta property=\"og:image:height\" content=\"1100\" \/>\n<meta name=\"twitter:card\" content=\"summary_large_image\" \/>\n<meta name=\"twitter:label1\" content=\"Est. reading time\">\n\t<meta name=\"twitter:data1\" content=\"3 minutos\">\n<script type=\"application\/ld+json\" class=\"yoast-schema-graph\">{\"@context\":\"https:\/\/schema.org\",\"@graph\":[{\"@type\":\"WebSite\",\"@id\":\"https:\/\/staging.fertiglobal.com\/#website\",\"url\":\"https:\/\/staging.fertiglobal.com\/\",\"name\":\"FertiGlobal\",\"description\":\"A new crop management concept\",\"potentialAction\":[{\"@type\":\"SearchAction\",\"target\":\"https:\/\/staging.fertiglobal.com\/?s={search_term_string}\",\"query-input\":\"required name=search_term_string\"}],\"inLanguage\":\"pt-BR\"},{\"@type\":\"ImageObject\",\"@id\":\"https:\/\/staging.fertiglobal.com\/pt-br\/pesquisa-desenvolvimento\/#primaryimage\",\"inLanguage\":\"pt-BR\",\"url\":\"https:\/\/staging.fertiglobal.com\/wp-content\/uploads\/2020\/06\/ReD-copertina.jpg\",\"width\":2200,\"height\":1100},{\"@type\":\"WebPage\",\"@id\":\"https:\/\/staging.fertiglobal.com\/pt-br\/pesquisa-desenvolvimento\/#webpage\",\"url\":\"https:\/\/staging.fertiglobal.com\/pt-br\/pesquisa-desenvolvimento\/\",\"name\":\"Pesquisa & desenvolvimento - FertiGlobal\",\"isPartOf\":{\"@id\":\"https:\/\/staging.fertiglobal.com\/#website\"},\"primaryImageOfPage\":{\"@id\":\"https:\/\/staging.fertiglobal.com\/pt-br\/pesquisa-desenvolvimento\/#primaryimage\"},\"datePublished\":\"2020-06-09T05:34:37+00:00\",\"dateModified\":\"2021-02-25T11:38:12+00:00\",\"breadcrumb\":{\"@id\":\"https:\/\/staging.fertiglobal.com\/pt-br\/pesquisa-desenvolvimento\/#breadcrumb\"},\"inLanguage\":\"pt-BR\",\"potentialAction\":[{\"@type\":\"ReadAction\",\"target\":[\"https:\/\/staging.fertiglobal.com\/pt-br\/pesquisa-desenvolvimento\/\"]}]},{\"@type\":\"BreadcrumbList\",\"@id\":\"https:\/\/staging.fertiglobal.com\/pt-br\/pesquisa-desenvolvimento\/#breadcrumb\",\"itemListElement\":[{\"@type\":\"ListItem\",\"position\":1,\"item\":{\"@type\":\"WebPage\",\"@id\":\"https:\/\/staging.fertiglobal.com\/pt-br\/home\/\",\"url\":\"https:\/\/staging.fertiglobal.com\/pt-br\/home\/\",\"name\":\"Home\"}},{\"@type\":\"ListItem\",\"position\":2,\"item\":{\"@type\":\"WebPage\",\"@id\":\"https:\/\/staging.fertiglobal.com\/pt-br\/pesquisa-desenvolvimento\/\",\"url\":\"https:\/\/staging.fertiglobal.com\/pt-br\/pesquisa-desenvolvimento\/\",\"name\":\"Pesquisa &#038; desenvolvimento\"}}]}]}<\/script>\n<!-- \/ Yoast SEO plugin. -->","_links":{"self":[{"href":"https:\/\/staging.fertiglobal.com\/pt-br\/wp-json\/wp\/v2\/pages\/5867"}],"collection":[{"href":"https:\/\/staging.fertiglobal.com\/pt-br\/wp-json\/wp\/v2\/pages"}],"about":[{"href":"https:\/\/staging.fertiglobal.com\/pt-br\/wp-json\/wp\/v2\/types\/page"}],"author":[{"embeddable":true,"href":"https:\/\/staging.fertiglobal.com\/pt-br\/wp-json\/wp\/v2\/users\/1"}],"replies":[{"embeddable":true,"href":"https:\/\/staging.fertiglobal.com\/pt-br\/wp-json\/wp\/v2\/comments?post=5867"}],"version-history":[{"count":9,"href":"https:\/\/staging.fertiglobal.com\/pt-br\/wp-json\/wp\/v2\/pages\/5867\/revisions"}],"predecessor-version":[{"id":7804,"href":"https:\/\/staging.fertiglobal.com\/pt-br\/wp-json\/wp\/v2\/pages\/5867\/revisions\/7804"}],"wp:featuredmedia":[{"embeddable":true,"href":"https:\/\/staging.fertiglobal.com\/pt-br\/wp-json\/wp\/v2\/media\/5868"}],"wp:attachment":[{"href":"https:\/\/staging.fertiglobal.com\/pt-br\/wp-json\/wp\/v2\/media?parent=5867"}],"curies":[{"name":"wp","href":"https:\/\/api.w.org\/{rel}","templated":true}]}}