{"id":5743,"date":"2019-12-05T14:27:13","date_gmt":"2019-12-05T14:27:13","guid":{"rendered":"https:\/\/staging.fertiglobal.com\/certifications\/"},"modified":"2021-03-23T14:41:33","modified_gmt":"2021-03-23T14:41:33","slug":"certificacoes","status":"publish","type":"page","link":"https:\/\/staging.fertiglobal.com\/pt-br\/certificacoes\/","title":{"rendered":"Certifica\u00e7\u00f5es"},"content":{"rendered":"<div class=\"bt_bb_wrapper\"><section id=\"bt_section69f65de5299df\"  class=\"boldSection gutter \" ><div class=\"port\"><div class=\"boldCell\"><div class=\"boldCellInner\"><div class=\"boldRow \" ><div class=\"boldRowInner\"><div class=\"rowItem col-md-12 col-ms-12  btTextLeft\"  data-width=\"12\"><div class=\"rowItemContent\" ><div class=\"btClear btSeparator bottomSemiSpaced noBorder no-mobile\" ><hr><\/div><\/div><\/div><\/div><\/div><div class=\"boldRow \" ><div class=\"boldRowInner\"><div class=\"rowItem col-md-6 col-sm-12 btTextLeft inherit btDoublePadding no-padding-left\"  data-width=\"6\"><div class=\"rowItemContent\" ><div class=\"btText\" ><div class=\"blacktitle-dash\" style=\"margin-bottom: 0;\">\n<h2 class=\"blacktitle-dash-inner\">Certifica\u00e7\u00f5es<\/h2>\n<\/div>\n<h3 class=\"blacktitle-dash-inner\" style=\"margin-bottom: 2rem;\">Os mais altos padr\u00f5es de qualidade combinados com o compromisso ambiental<\/h3>\n<p>Todo o neg\u00f3cio da FertiGlobal \u00e9 movido pelo compromisso cont\u00ednuo de fornecer \u00e0s partes interessadas um valor crescente com respeito total ao meio ambiente, operando com os mais altos padr\u00f5es de qualidade.<br \/>\nEssa vis\u00e3o \u00e9 implementada atrav\u00e9s de um sistema integrado de Qualidade, Sa\u00fade, Meio Ambiente e Seguran\u00e7a (QHSE).<\/p>\n<\/div><div class=\"btClear btSeparator bottomSemiSpaced noBorder\" ><hr><\/div><\/div><\/div><div class=\"rowItem col-md-6 col-sm-12 btTextLeft inherit btDoublePadding\"  data-width=\"6\"><div class=\"rowItemContent\" ><a href=\"https:\/\/staging.fertiglobal.com\/wp-content\/uploads\/2020\/01\/CERT-ISO-14001-scad-09-2018B-1.pdf\" class=\"btBtn btBtn btnBorderlessStyle btnNormalColor btnBig btnFullWidth btnLeftPosition btnIco\"  target=\"_blank\"><span class=\"btnInnerText\">Certifica\u00e7\u00e3o ambiental ISO 14001<\/span><span class=\"btIco \"><span  data-ico-fa=\"&#xf1c1;\" class=\"btIcoHolder\"><\/span><\/span><\/a><a href=\"https:\/\/staging.fertiglobal.com\/wp-content\/uploads\/2020\/10\/CERT-ISO-9001-EN_scad-05-2023.pdf\" class=\"btBtn btBtn btnBorderlessStyle btnNormalColor btnBig btnFullWidth btnLeftPosition btnIco\"  target=\"_blank\"><span class=\"btnInnerText\">Certifica\u00e7\u00e3o do sistema de qualidade ISO 9001<\/span><span class=\"btIco \"><span  data-ico-fa=\"&#xf1c1;\" class=\"btIcoHolder\"><\/span><\/span><\/a><a href=\"https:\/\/staging.fertiglobal.com\/wp-content\/uploads\/2020\/01\/CERT-OHSAS-18001-scad-12-2018B-1.pdf\" class=\"btBtn btBtn btnBorderlessStyle btnNormalColor btnBig btnFullWidth btnLeftPosition btnIco\"  target=\"_blank\"><span class=\"btnInnerText\">Certifica\u00e7\u00e3o de Sa\u00fade e Seguran\u00e7a OHSAS 18001<\/span><span class=\"btIco \"><span  data-ico-fa=\"&#xf1c1;\" class=\"btIcoHolder\"><\/span><\/span><\/a><a href=\"https:\/\/staging.fertiglobal.com\/wp-content\/uploads\/2021\/03\/FSSC-22000-Certificados-2020.pdf\" class=\"btBtn btBtn btnBorderlessStyle btnNormalColor btnBig btnFullWidth btnLeftPosition btnIco\"  target=\"_blank\"><span class=\"btnInnerText\">Certifica\u00e7\u00e3o Padr\u00e3o de Seguran\u00e7a Alimentar FSSC 22000<\/span><span class=\"btIco \"><span  data-ico-fa=\"&#xf1c1;\" class=\"btIcoHolder\"><\/span><\/span><\/a><a href=\"https:\/\/staging.fertiglobal.com\/wp-content\/uploads\/2020\/01\/Certificato-di-Conformit\u00e0-ASSOFERTILIZZANTI-2018.pdf\" class=\"btBtn btBtn btnBorderlessStyle btnNormalColor btnBig btnFullWidth btnLeftPosition btnIco\"  target=\"_blank\"><span class=\"btnInnerText\">Certifica\u00e7\u00e3o de Qualidade de Fertilizantes<\/span><span class=\"btIco \"><span  data-ico-fa=\"&#xf1c1;\" class=\"btIcoHolder\"><\/span><\/span><\/a><a href=\"https:\/\/staging.fertiglobal.com\/wp-content\/uploads\/2020\/01\/S18110508151.pdf\" class=\"btBtn btBtn btnBorderlessStyle btnNormalColor btnBig btnFullWidth btnLeftPosition btnIco\"  target=\"_blank\"><span class=\"btnInnerText\">Certificado de Prote\u00e7\u00e3o Clim\u00e1tica PAMIRA<\/span><span class=\"btIco \"><span  data-ico-fa=\"&#xf1c1;\" class=\"btIcoHolder\"><\/span><\/span><\/a><div class=\"btClear btSeparator bottomSemiSpaced noBorder\" ><hr><\/div><\/div><\/div><\/div><\/div><\/div><\/div><\/div><\/section><\/div>","protected":false},"excerpt":{"rendered":"","protected":false},"author":1,"featured_media":5745,"parent":0,"menu_order":0,"comment_status":"closed","ping_status":"closed","template":"","meta":[],"yoast_head":"<!-- This site is optimized with the Yoast SEO plugin v15.8 - https:\/\/yoast.com\/wordpress\/plugins\/seo\/ -->\n<title>Certifica\u00e7\u00f5es - FertiGlobal<\/title>\n<meta name=\"robots\" content=\"index, follow, max-snippet:-1, max-image-preview:large, max-video-preview:-1\" \/>\n<link rel=\"canonical\" href=\"https:\/\/staging.fertiglobal.com\/pt-br\/certificacoes\/\" \/>\n<meta property=\"og:locale\" content=\"pt_BR\" \/>\n<meta property=\"og:type\" content=\"article\" \/>\n<meta property=\"og:title\" content=\"Certifica\u00e7\u00f5es - FertiGlobal\" \/>\n<meta property=\"og:url\" content=\"https:\/\/staging.fertiglobal.com\/pt-br\/certificacoes\/\" \/>\n<meta property=\"og:site_name\" content=\"FertiGlobal\" \/>\n<meta property=\"article:publisher\" content=\"https:\/\/www.facebook.com\/FertiGlobalinternational\/\" \/>\n<meta property=\"article:modified_time\" content=\"2021-03-23T14:41:33+00:00\" \/>\n<meta property=\"og:image\" content=\"https:\/\/staging.fertiglobal.com\/wp-content\/uploads\/2020\/01\/certifications_crop.jpg\" \/>\n\t<meta property=\"og:image:width\" content=\"1600\" \/>\n\t<meta property=\"og:image:height\" content=\"392\" \/>\n<meta name=\"twitter:card\" content=\"summary_large_image\" \/>\n<meta name=\"twitter:label1\" content=\"Est. reading time\">\n\t<meta name=\"twitter:data1\" content=\"2 minutos\">\n<script type=\"application\/ld+json\" class=\"yoast-schema-graph\">{\"@context\":\"https:\/\/schema.org\",\"@graph\":[{\"@type\":\"WebSite\",\"@id\":\"https:\/\/staging.fertiglobal.com\/#website\",\"url\":\"https:\/\/staging.fertiglobal.com\/\",\"name\":\"FertiGlobal\",\"description\":\"A new crop management concept\",\"potentialAction\":[{\"@type\":\"SearchAction\",\"target\":\"https:\/\/staging.fertiglobal.com\/?s={search_term_string}\",\"query-input\":\"required name=search_term_string\"}],\"inLanguage\":\"pt-BR\"},{\"@type\":\"ImageObject\",\"@id\":\"https:\/\/staging.fertiglobal.com\/pt-br\/certificacoes\/#primaryimage\",\"inLanguage\":\"pt-BR\",\"url\":\"https:\/\/staging.fertiglobal.com\/wp-content\/uploads\/2020\/01\/certifications_crop.jpg\",\"width\":1600,\"height\":392},{\"@type\":\"WebPage\",\"@id\":\"https:\/\/staging.fertiglobal.com\/pt-br\/certificacoes\/#webpage\",\"url\":\"https:\/\/staging.fertiglobal.com\/pt-br\/certificacoes\/\",\"name\":\"Certifica\\u00e7\\u00f5es - FertiGlobal\",\"isPartOf\":{\"@id\":\"https:\/\/staging.fertiglobal.com\/#website\"},\"primaryImageOfPage\":{\"@id\":\"https:\/\/staging.fertiglobal.com\/pt-br\/certificacoes\/#primaryimage\"},\"datePublished\":\"2019-12-05T14:27:13+00:00\",\"dateModified\":\"2021-03-23T14:41:33+00:00\",\"breadcrumb\":{\"@id\":\"https:\/\/staging.fertiglobal.com\/pt-br\/certificacoes\/#breadcrumb\"},\"inLanguage\":\"pt-BR\",\"potentialAction\":[{\"@type\":\"ReadAction\",\"target\":[\"https:\/\/staging.fertiglobal.com\/pt-br\/certificacoes\/\"]}]},{\"@type\":\"BreadcrumbList\",\"@id\":\"https:\/\/staging.fertiglobal.com\/pt-br\/certificacoes\/#breadcrumb\",\"itemListElement\":[{\"@type\":\"ListItem\",\"position\":1,\"item\":{\"@type\":\"WebPage\",\"@id\":\"https:\/\/staging.fertiglobal.com\/pt-br\/home\/\",\"url\":\"https:\/\/staging.fertiglobal.com\/pt-br\/home\/\",\"name\":\"Home\"}},{\"@type\":\"ListItem\",\"position\":2,\"item\":{\"@type\":\"WebPage\",\"@id\":\"https:\/\/staging.fertiglobal.com\/pt-br\/certificacoes\/\",\"url\":\"https:\/\/staging.fertiglobal.com\/pt-br\/certificacoes\/\",\"name\":\"Certifica\\u00e7\\u00f5es\"}}]}]}<\/script>\n<!-- \/ Yoast SEO plugin. -->","_links":{"self":[{"href":"https:\/\/staging.fertiglobal.com\/pt-br\/wp-json\/wp\/v2\/pages\/5743"}],"collection":[{"href":"https:\/\/staging.fertiglobal.com\/pt-br\/wp-json\/wp\/v2\/pages"}],"about":[{"href":"https:\/\/staging.fertiglobal.com\/pt-br\/wp-json\/wp\/v2\/types\/page"}],"author":[{"embeddable":true,"href":"https:\/\/staging.fertiglobal.com\/pt-br\/wp-json\/wp\/v2\/users\/1"}],"replies":[{"embeddable":true,"href":"https:\/\/staging.fertiglobal.com\/pt-br\/wp-json\/wp\/v2\/comments?post=5743"}],"version-history":[{"count":3,"href":"https:\/\/staging.fertiglobal.com\/pt-br\/wp-json\/wp\/v2\/pages\/5743\/revisions"}],"predecessor-version":[{"id":8228,"href":"https:\/\/staging.fertiglobal.com\/pt-br\/wp-json\/wp\/v2\/pages\/5743\/revisions\/8228"}],"wp:featuredmedia":[{"embeddable":true,"href":"https:\/\/staging.fertiglobal.com\/pt-br\/wp-json\/wp\/v2\/media\/5745"}],"wp:attachment":[{"href":"https:\/\/staging.fertiglobal.com\/pt-br\/wp-json\/wp\/v2\/media?parent=5743"}],"curies":[{"name":"wp","href":"https:\/\/api.w.org\/{rel}","templated":true}]}}