{"id":6683,"date":"2020-06-09T05:34:37","date_gmt":"2020-06-09T05:34:37","guid":{"rendered":"https:\/\/staging.fertiglobal.com\/research-development\/"},"modified":"2021-03-03T16:19:20","modified_gmt":"2021-03-03T16:19:20","slug":"investigacion-y-desarrollo","status":"publish","type":"page","link":"https:\/\/staging.fertiglobal.com\/es\/investigacion-y-desarrollo\/","title":{"rendered":"Investigaci\u00f3n y desarrollo"},"content":{"rendered":"<section id=\"bt_section69f65a8e51afc\"  class=\"boldSection gutter \" ><div class=\"port\"><div class=\"boldCell\"><div class=\"boldCellInner\"><div class=\"boldRow \" ><div class=\"boldRowInner\"><div class=\"rowItem col-md-12 col-ms-12  btTextLeft\"  data-width=\"12\"><div class=\"rowItemContent\" ><div class=\"btClear btSeparator topSmallSpaced bottomSemiSpaced noBorder no-mobile\" ><hr><\/div><div class=\"btText\" ><div class=\"underlinelink\">\n<div class=\"greentitle-dash\">\n<div class=\"greentitle-dash-inner small\">Tecnolog\u00edas y programas de gesti\u00f3n de cultivos para alcanzar la agricultura sostenible del futuro<\/div>\n<\/div>\n<div class=\"padded-content\">\n<p>Desde el principio, en <strong>FertiGlobal<sup>\u00ae<\/sup><\/strong>, se ha puesto un gran \u00e9nfasis en la Investigaci\u00f3n y el Desarrollo atestiguado por varios <em><a href=\"https:\/\/staging.fertiglobal.com\/es\/technologies\/\">Tecnolog\u00edas<\/a><\/em> e innovaciones de procesos, algunas de las cuales est\u00e1n protegidas por patentes internacionales.<\/p>\n<p>Nos esforzamos constantemente por satisfacer las necesidades del mercado agr\u00edcola, dando gran importancia a la alta calidad y respetuosos con el medio ambiente <em><a href=\"https:\/\/staging.fertiglobal.com\/es\/technologies\/\">Tecnolog\u00edas<\/a><\/em>. Adem\u00e1s, reconociendo la importancia de difundir nuevas <em><a href=\"https:\/\/staging.fertiglobal.com\/es\/technologies\/\">Tecnolog\u00edas<\/a><\/em>, <strong>FertiGlobal<sup>\u00ae<\/sup><\/strong> invierte y se desarrolla completos <em><a href=\"https:\/\/staging.fertiglobal.com\/es\/programas-de-gestion-de-cultivos\/\">programas de gesti\u00f3n de cultivos<\/a><\/em> necesarios en una agricultura sostenible.<\/p>\n<\/div>\n<\/div>\n<\/div><div class=\"btClear btSeparator bottomSemiSpaced noBorder\" ><hr><\/div><div class=\"btText\" ><div class=\"underlinelink\">\n<div class=\"greentitle-dash\">\n<div class=\"greentitle-dash-inner small\">Investigaci\u00f3n y Desarrollo<\/div>\n<\/div>\n<div class=\"padded-content\">\n<p>En 2019,\u00a0<strong>FertiGlobal<sup>\u00ae<\/sup><\/strong> estableci\u00f3 un centro de I+D de \u00faltima generaci\u00f3n en el sitio de Larderello, invirtiendo en una amplia gama de instrumentos innovadores, c\u00e1maras de cultivo e invernaderos.<\/p>\n<p>En el centro, un joven equipo multifuncional de investigadores (qu\u00edmicos, agr\u00f3nomos y biotecn\u00f3logos) trabaja constantemente en el desarrollo de innovadores <em><a href=\"https:\/\/staging.fertiglobal.com\/es\/technologies\/\">Tecnolog\u00edas<\/a><\/em> y <em><a href=\"https:\/\/staging.fertiglobal.com\/es\/programas-de-gestion-de-cultivos\/\">programas de gesti\u00f3n de cultivos<\/a><\/em> para satisfacer todas las necesidades actuales y futuras de la agricultura mundial.<\/p>\n<p>Al ser parte de un equipo multinacional y trabajar con profesionales de todo el mundo, nuestros j\u00f3venes investigadores tienen la oportunidad de profundizar sus conocimientos y convertirse en expertos globales que desaf\u00edan las pr\u00e1cticas convencionales.<\/p>\n<p>Compartiendo la visi\u00f3n de <strong>FertiGlobal<sup>\u00ae<\/sup><\/strong> ,donde la I+D es un impulsor estrat\u00e9gico clave, nuestros investigadores desarrollan avances <em><a href=\"https:\/\/staging.fertiglobal.com\/es\/technologies\/\">Tecnolog\u00edas<\/a><\/em> conduciendo a un cambio en la forma en que funciona la agricultura, desarrollando innovadores <em><a href=\"https:\/\/staging.fertiglobal.com\/es\/programas-de-gestion-de-cultivos\/\">programas de gesti\u00f3n de cultivos<\/a><\/em>, en \u00faltima instancia, brindando ganancias s\u00f3lidas para nuestros clientes y socios.<\/p>\n<p>Los investigadores de <strong>FertiGlobal<sup>\u00ae\u00a0<\/sup><\/strong>se centran en dos \u00e1reas de desarrollo: la mejora continua de las tecnolog\u00edas existentes y las innovaciones a largo plazo cruciales para mantener y fortalecer nuestro liderazgo, as\u00ed como para apoyar una agricultura sostenible. La I+D de <strong>FertiGlobal<sup>\u00ae\u00a0<\/sup><\/strong>depende tambi\u00e9n de la cooperaci\u00f3n de varias universidades y centros de investigaci\u00f3n nacionales e internacionales para buscar constantemente la excelencia.<\/p>\n<\/div>\n<\/div>\n<\/div><div class=\"btClear btSeparator bottomSemiSpaced noBorder\" ><hr><\/div><div class=\"btText\" ><div class=\"underlinelink\">\n<div class=\"greentitle-dash\">\n<div class=\"greentitle-dash-inner small\">Nuestras mejores soluciones para la agricultura global<\/div>\n<\/div>\n<div class=\"padded-content\">\n<p>A trav\u00e9s de nuestra capacidad para satisfacer diversas necesidades y nuestra aplicaci\u00f3n creativa de nuevos <em><a href=\"https:\/\/staging.fertiglobal.com\/es\/technologies\/\">Tecnolog\u00edas<\/a><\/em>, <strong>FertiGlobal<sup>\u00ae<\/sup><\/strong> seguir\u00e1 ofreciendo un nivel a\u00fan mayor de soluciones a los agricultores, contribuyendo a un mayor crecimiento de la agricultura en el respeto y el cuidado del medio ambiente sin comprometer la salud y la seguridad de los cultivos y las personas en todo el mundo.<\/p>\n<p>La experiencia acumulada durante nuestra dilatada actividad industrial nos ha permitido desarrollar nuevos y \u00fanicos <em><a href=\"https:\/\/staging.fertiglobal.com\/es\/technologies\/\">Tecnolog\u00edas<\/a><\/em>, como <strong>EnNuVi<sup>\u00ae<\/sup><\/strong>, una formulaci\u00f3n patentada premiada dentro del programa europeo LIFE, basada en la combinaci\u00f3n de polifenoles bioactivos con elementos nutritivos destinados a cambiar radicalmente el impacto de la agricultura en el medio ambiente al tiempo que respalda la creciente demanda de alimentos y una mayor productividad del rendimiento.<\/p>\n<\/div>\n<\/div>\n<\/div><div class=\"btClear btSeparator bottomSemiSpaced noBorder\" ><hr><\/div><div class=\"tilesWall btGridGallery tiled  btGridGap-20 lightbox\" data-col=\"3\"><div class=\"gridSizer\"><\/div><div class=\"gridItem btGhostSliderThumb bt11\" data-order-num=\"-1\"><div class=\"btTileBox\"><div class=\"bpgPhoto \" > \n\n\t\t\t\t\t<a href=\"https:\/\/staging.fertiglobal.com\/wp-content\/uploads\/2020\/06\/RD-1.jpg\" class=\"lightbox\" data-title=\"\"><\/a>\n\n\t\t\t\t\t<div class=\"boldPhotoBox\"><div class=\"bpbItem\"><div class=\"btImage\"><img src=\"https:\/\/staging.fertiglobal.com\/wp-content\/uploads\/2020\/06\/RD-1.jpg\" alt=\"\" title=\"\"><\/div><\/div><\/div>\n\n\t\t\t\t\t<div class=\"captionPane btDarkSkin btTextCenter\">\n\n\t\t\t\t\t\t<div class=\"captionTable\">\n\n\t\t\t\t\t\t\t<div class=\"captionCell\">\n\n\t\t\t\t\t\t\t\t<div class=\"captionTxt\"><\/div>\n\n\t\t\t\t\t\t\t<\/div>\n\n\t\t\t\t\t\t<\/div>\n\n\t\t\t\t\t<\/div><\/div><\/div><\/div><div class=\"gridItem btGhostSliderThumb bt11\" data-order-num=\"0\"><div class=\"btTileBox\"><div class=\"bpgPhoto \" > \n\n\t\t\t\t\t<a href=\"https:\/\/staging.fertiglobal.com\/wp-content\/uploads\/2020\/06\/RD-2.jpg\" class=\"lightbox\" data-title=\"\"><\/a>\n\n\t\t\t\t\t<div class=\"boldPhotoBox\"><div class=\"bpbItem\"><div class=\"btImage\"><img src=\"https:\/\/staging.fertiglobal.com\/wp-content\/uploads\/2020\/06\/RD-2.jpg\" alt=\"\" title=\"\"><\/div><\/div><\/div>\n\n\t\t\t\t\t<div class=\"captionPane btDarkSkin btTextCenter\">\n\n\t\t\t\t\t\t<div class=\"captionTable\">\n\n\t\t\t\t\t\t\t<div class=\"captionCell\">\n\n\t\t\t\t\t\t\t\t<div class=\"captionTxt\"><\/div>\n\n\t\t\t\t\t\t\t<\/div>\n\n\t\t\t\t\t\t<\/div>\n\n\t\t\t\t\t<\/div><\/div><\/div><\/div><div class=\"gridItem btGhostSliderThumb bt11\" data-order-num=\"1\"><div class=\"btTileBox\"><div class=\"bpgPhoto \" > \n\n\t\t\t\t\t<a href=\"https:\/\/staging.fertiglobal.com\/wp-content\/uploads\/2020\/06\/RD-3.jpg\" class=\"lightbox\" data-title=\"\"><\/a>\n\n\t\t\t\t\t<div class=\"boldPhotoBox\"><div class=\"bpbItem\"><div class=\"btImage\"><img src=\"https:\/\/staging.fertiglobal.com\/wp-content\/uploads\/2020\/06\/RD-3.jpg\" alt=\"\" title=\"\"><\/div><\/div><\/div>\n\n\t\t\t\t\t<div class=\"captionPane btDarkSkin btTextCenter\">\n\n\t\t\t\t\t\t<div class=\"captionTable\">\n\n\t\t\t\t\t\t\t<div class=\"captionCell\">\n\n\t\t\t\t\t\t\t\t<div class=\"captionTxt\"><\/div>\n\n\t\t\t\t\t\t\t<\/div>\n\n\t\t\t\t\t\t<\/div>\n\n\t\t\t\t\t<\/div><\/div><\/div><\/div><div class=\"gridItem btGhostSliderThumb bt11\" data-order-num=\"2\"><div class=\"btTileBox\"><div class=\"bpgPhoto \" > \n\n\t\t\t\t\t<a href=\"https:\/\/staging.fertiglobal.com\/wp-content\/uploads\/2020\/06\/RD-4.jpg\" class=\"lightbox\" data-title=\"\"><\/a>\n\n\t\t\t\t\t<div class=\"boldPhotoBox\"><div class=\"bpbItem\"><div class=\"btImage\"><img src=\"https:\/\/staging.fertiglobal.com\/wp-content\/uploads\/2020\/06\/RD-4.jpg\" alt=\"\" title=\"\"><\/div><\/div><\/div>\n\n\t\t\t\t\t<div class=\"captionPane btDarkSkin btTextCenter\">\n\n\t\t\t\t\t\t<div class=\"captionTable\">\n\n\t\t\t\t\t\t\t<div class=\"captionCell\">\n\n\t\t\t\t\t\t\t\t<div class=\"captionTxt\"><\/div>\n\n\t\t\t\t\t\t\t<\/div>\n\n\t\t\t\t\t\t<\/div>\n\n\t\t\t\t\t<\/div><\/div><\/div><\/div><div class=\"gridItem btGhostSliderThumb bt11\" data-order-num=\"3\"><div class=\"btTileBox\"><div class=\"bpgPhoto \" > \n\n\t\t\t\t\t<a href=\"https:\/\/staging.fertiglobal.com\/wp-content\/uploads\/2020\/06\/RD-5.jpg\" class=\"lightbox\" data-title=\"\"><\/a>\n\n\t\t\t\t\t<div class=\"boldPhotoBox\"><div class=\"bpbItem\"><div class=\"btImage\"><img src=\"https:\/\/staging.fertiglobal.com\/wp-content\/uploads\/2020\/06\/RD-5.jpg\" alt=\"\" title=\"\"><\/div><\/div><\/div>\n\n\t\t\t\t\t<div class=\"captionPane btDarkSkin btTextCenter\">\n\n\t\t\t\t\t\t<div class=\"captionTable\">\n\n\t\t\t\t\t\t\t<div class=\"captionCell\">\n\n\t\t\t\t\t\t\t\t<div class=\"captionTxt\"><\/div>\n\n\t\t\t\t\t\t\t<\/div>\n\n\t\t\t\t\t\t<\/div>\n\n\t\t\t\t\t<\/div><\/div><\/div><\/div><div class=\"gridItem btGhostSliderThumb bt11\" data-order-num=\"4\"><div class=\"btTileBox\"><div class=\"bpgPhoto \" > \n\n\t\t\t\t\t<a href=\"https:\/\/staging.fertiglobal.com\/wp-content\/uploads\/2020\/06\/RD-6.jpg\" class=\"lightbox\" data-title=\"\"><\/a>\n\n\t\t\t\t\t<div class=\"boldPhotoBox\"><div class=\"bpbItem\"><div class=\"btImage\"><img src=\"https:\/\/staging.fertiglobal.com\/wp-content\/uploads\/2020\/06\/RD-6.jpg\" alt=\"\" title=\"\"><\/div><\/div><\/div>\n\n\t\t\t\t\t<div class=\"captionPane btDarkSkin btTextCenter\">\n\n\t\t\t\t\t\t<div class=\"captionTable\">\n\n\t\t\t\t\t\t\t<div class=\"captionCell\">\n\n\t\t\t\t\t\t\t\t<div class=\"captionTxt\"><\/div>\n\n\t\t\t\t\t\t\t<\/div>\n\n\t\t\t\t\t\t<\/div>\n\n\t\t\t\t\t<\/div><\/div><\/div><\/div><\/div><div class=\"btClear btSeparator bottomSemiSpaced noBorder\" ><hr><\/div><\/div><\/div><\/div><\/div><\/div><\/div><\/div><\/section>","protected":false},"excerpt":{"rendered":"<p>Laboratorio innovador dirigido por nuestro joven equipo<\/p>\n","protected":false},"author":1,"featured_media":6225,"parent":0,"menu_order":0,"comment_status":"closed","ping_status":"closed","template":"","meta":[],"yoast_head":"<!-- This site is optimized with the Yoast SEO plugin v15.8 - https:\/\/yoast.com\/wordpress\/plugins\/seo\/ -->\n<title>Investigaci\u00f3n y desarrollo - FertiGlobal<\/title>\n<meta name=\"robots\" content=\"index, follow, max-snippet:-1, max-image-preview:large, max-video-preview:-1\" \/>\n<link rel=\"canonical\" href=\"https:\/\/staging.fertiglobal.com\/es\/investigacion-y-desarrollo\/\" \/>\n<meta property=\"og:locale\" content=\"es_ES\" \/>\n<meta property=\"og:type\" content=\"article\" \/>\n<meta property=\"og:title\" content=\"Investigaci\u00f3n y desarrollo - FertiGlobal\" \/>\n<meta property=\"og:description\" content=\"Laboratorio innovador dirigido por nuestro joven equipo\" \/>\n<meta property=\"og:url\" content=\"https:\/\/staging.fertiglobal.com\/es\/investigacion-y-desarrollo\/\" \/>\n<meta property=\"og:site_name\" content=\"FertiGlobal\" \/>\n<meta property=\"article:publisher\" content=\"https:\/\/www.facebook.com\/FertiGlobalinternational\/\" \/>\n<meta property=\"article:modified_time\" content=\"2021-03-03T16:19:20+00:00\" \/>\n<meta property=\"og:image\" content=\"https:\/\/staging.fertiglobal.com\/wp-content\/uploads\/2020\/06\/ReD-copertina.jpg\" \/>\n\t<meta property=\"og:image:width\" content=\"2200\" \/>\n\t<meta property=\"og:image:height\" content=\"1100\" \/>\n<meta name=\"twitter:card\" content=\"summary_large_image\" \/>\n<meta name=\"twitter:label1\" content=\"Tiempo de lectura\">\n\t<meta name=\"twitter:data1\" content=\"3 minutos\">\n<script type=\"application\/ld+json\" class=\"yoast-schema-graph\">{\"@context\":\"https:\/\/schema.org\",\"@graph\":[{\"@type\":\"WebSite\",\"@id\":\"https:\/\/staging.fertiglobal.com\/#website\",\"url\":\"https:\/\/staging.fertiglobal.com\/\",\"name\":\"FertiGlobal\",\"description\":\"A new crop management concept\",\"potentialAction\":[{\"@type\":\"SearchAction\",\"target\":\"https:\/\/staging.fertiglobal.com\/?s={search_term_string}\",\"query-input\":\"required name=search_term_string\"}],\"inLanguage\":\"es\"},{\"@type\":\"ImageObject\",\"@id\":\"https:\/\/staging.fertiglobal.com\/es\/investigacion-y-desarrollo\/#primaryimage\",\"inLanguage\":\"es\",\"url\":\"https:\/\/staging.fertiglobal.com\/wp-content\/uploads\/2020\/06\/ReD-copertina.jpg\",\"width\":2200,\"height\":1100},{\"@type\":\"WebPage\",\"@id\":\"https:\/\/staging.fertiglobal.com\/es\/investigacion-y-desarrollo\/#webpage\",\"url\":\"https:\/\/staging.fertiglobal.com\/es\/investigacion-y-desarrollo\/\",\"name\":\"Investigaci\\u00f3n y desarrollo - FertiGlobal\",\"isPartOf\":{\"@id\":\"https:\/\/staging.fertiglobal.com\/#website\"},\"primaryImageOfPage\":{\"@id\":\"https:\/\/staging.fertiglobal.com\/es\/investigacion-y-desarrollo\/#primaryimage\"},\"datePublished\":\"2020-06-09T05:34:37+00:00\",\"dateModified\":\"2021-03-03T16:19:20+00:00\",\"breadcrumb\":{\"@id\":\"https:\/\/staging.fertiglobal.com\/es\/investigacion-y-desarrollo\/#breadcrumb\"},\"inLanguage\":\"es\",\"potentialAction\":[{\"@type\":\"ReadAction\",\"target\":[\"https:\/\/staging.fertiglobal.com\/es\/investigacion-y-desarrollo\/\"]}]},{\"@type\":\"BreadcrumbList\",\"@id\":\"https:\/\/staging.fertiglobal.com\/es\/investigacion-y-desarrollo\/#breadcrumb\",\"itemListElement\":[{\"@type\":\"ListItem\",\"position\":1,\"item\":{\"@type\":\"WebPage\",\"@id\":\"https:\/\/staging.fertiglobal.com\/es\/home\/\",\"url\":\"https:\/\/staging.fertiglobal.com\/es\/home\/\",\"name\":\"Home\"}},{\"@type\":\"ListItem\",\"position\":2,\"item\":{\"@type\":\"WebPage\",\"@id\":\"https:\/\/staging.fertiglobal.com\/es\/investigacion-y-desarrollo\/\",\"url\":\"https:\/\/staging.fertiglobal.com\/es\/investigacion-y-desarrollo\/\",\"name\":\"Investigaci\\u00f3n y desarrollo\"}}]}]}<\/script>\n<!-- \/ Yoast SEO plugin. -->","_links":{"self":[{"href":"https:\/\/staging.fertiglobal.com\/es\/wp-json\/wp\/v2\/pages\/6683"}],"collection":[{"href":"https:\/\/staging.fertiglobal.com\/es\/wp-json\/wp\/v2\/pages"}],"about":[{"href":"https:\/\/staging.fertiglobal.com\/es\/wp-json\/wp\/v2\/types\/page"}],"author":[{"embeddable":true,"href":"https:\/\/staging.fertiglobal.com\/es\/wp-json\/wp\/v2\/users\/1"}],"replies":[{"embeddable":true,"href":"https:\/\/staging.fertiglobal.com\/es\/wp-json\/wp\/v2\/comments?post=6683"}],"version-history":[{"count":6,"href":"https:\/\/staging.fertiglobal.com\/es\/wp-json\/wp\/v2\/pages\/6683\/revisions"}],"predecessor-version":[{"id":8142,"href":"https:\/\/staging.fertiglobal.com\/es\/wp-json\/wp\/v2\/pages\/6683\/revisions\/8142"}],"wp:featuredmedia":[{"embeddable":true,"href":"https:\/\/staging.fertiglobal.com\/es\/wp-json\/wp\/v2\/media\/6225"}],"wp:attachment":[{"href":"https:\/\/staging.fertiglobal.com\/es\/wp-json\/wp\/v2\/media?parent=6683"}],"curies":[{"name":"wp","href":"https:\/\/api.w.org\/{rel}","templated":true}]}}